{"id":15,"date":"2026-01-03T15:55:34","date_gmt":"2026-01-03T15:55:34","guid":{"rendered":"https:\/\/www.chain-up.app\/blog\/?page_id=15"},"modified":"2026-01-05T22:08:49","modified_gmt":"2026-01-05T22:08:49","slug":"blog","status":"publish","type":"page","link":"https:\/\/www.chain-up.app\/blog\/","title":{"rendered":"BLOG"},"content":{"rendered":"<div class=\"et_pb_section_0 et_pb_section et_section_regular et_flex_section\">\n<div class=\"et_pb_row_0 et_pb_row et_flex_row\">\n<div class=\"et_pb_column_0 et_pb_column et-last-child et_flex_column et_pb_css_mix_blend_mode_passthrough et_flex_column_24_24\">\n<div class=\"et_pb_blog_0 et_pb_blog et_pb_bg_layout_light et_pb_posts et_pb_module\"><div class=\"et_pb_ajax_pagination_container\"><div class=\"et_pb_posts et_grid_module\"><article class=\"et_pb_post et_pb_post_id_100 clearfix et_pb_blog_item_0_0 post-100 post type-post status-publish format-standard has-post-thumbnail hentry category-tutoriales\"><div class=\"et_pb_image_container\"><a href=\"https:\/\/www.chain-up.app\/blog\/como-crear-una-ruta-en-chain-up-app-usando-una-actividad-de-strava\/\" class=\"entry-featured-image-url\"><img loading=\"lazy\" decoding=\"async\" src=\"https:\/\/www.chain-up.app\/blog\/wp-content\/uploads\/2026\/01\/crear-ruta-strava-chain-up.webp\" width=\"400\" height=\"284\" alt=\"C\u00f3mo crear una ruta en Chain-Up.app usando una actividad de Strava\" class=\"\" srcset=\"https:\/\/www.chain-up.app\/blog\/wp-content\/uploads\/2026\/01\/crear-ruta-strava-chain-up.webp 479w, https:\/\/www.chain-up.app\/blog\/wp-content\/uploads\/2026\/01\/crear-ruta-strava-chain-up-400x284.webp 480w\" sizes=\"(max-width:479px) 479px, 100vw\" \/><span data-icon=\"\ue050\" class=\"et_overlay et_pb_inline_icon\"><\/span><\/a><\/div><h2 class=\"entry-title\"><a href=\"https:\/\/www.chain-up.app\/blog\/como-crear-una-ruta-en-chain-up-app-usando-una-actividad-de-strava\/\">C\u00f3mo crear una ruta en Chain-Up.app usando una actividad de Strava<\/a><\/h2><p class=\"post-meta\"><span class=\"published\">Ene 5, 2026<\/span> | <span class=\"entry-categories\"><a href=\"https:\/\/www.chain-up.app\/blog\/category\/tutoriales\/\" rel=\"tag\">Tutoriales<\/a><\/span><\/p><div class=\"post-content\"><div class=\"post-content-inner\"><p>(o desde cero, \u00a1sin Strava!) En Chain-Up.app, planificar salidas grupales es r\u00e1pido y sencillo. Ya sea que quieras importar una ruta desde Strava, subir un archivo GPX, o crear una ruta manualmente\u2026 \u00a1lo tenemos cubierto! A continuaci\u00f3n, te explicamos paso a paso c\u00f3mo&#8230;<\/p>\n<\/div><a href=\"https:\/\/www.chain-up.app\/blog\/como-crear-una-ruta-en-chain-up-app-usando-una-actividad-de-strava\/\" class=\"more-link\">Leer m\u00e1s<\/a><\/div><\/article><article class=\"et_pb_post et_pb_post_id_84 clearfix et_pb_blog_item_0_1 post-84 post type-post status-publish format-standard has-post-thumbnail hentry category-tutoriales\"><div class=\"et_pb_image_container\"><a href=\"https:\/\/www.chain-up.app\/blog\/como-darte-de-alta-como-administrador-en-chain-up-app\/\" class=\"entry-featured-image-url\"><img loading=\"lazy\" decoding=\"async\" src=\"https:\/\/www.chain-up.app\/blog\/wp-content\/uploads\/2026\/01\/registro-de-administrador-Chain-up.webp\" width=\"400\" height=\"284\" alt=\"C\u00f3mo darte de alta como administrador en Chain-up.app\" class=\"\" srcset=\"https:\/\/www.chain-up.app\/blog\/wp-content\/uploads\/2026\/01\/registro-de-administrador-Chain-up.webp 479w, https:\/\/www.chain-up.app\/blog\/wp-content\/uploads\/2026\/01\/registro-de-administrador-Chain-up-400x284.webp 480w\" sizes=\"(max-width:479px) 479px, 100vw\" \/><span data-icon=\"\ue050\" class=\"et_overlay et_pb_inline_icon\"><\/span><\/a><\/div><h2 class=\"entry-title\"><a href=\"https:\/\/www.chain-up.app\/blog\/como-darte-de-alta-como-administrador-en-chain-up-app\/\">C\u00f3mo darte de alta como administrador en Chain-up.app<\/a><\/h2><p class=\"post-meta\"><span class=\"published\">Ene 4, 2026<\/span> | <span class=\"entry-categories\"><a href=\"https:\/\/www.chain-up.app\/blog\/category\/tutoriales\/\" rel=\"tag\">Tutoriales<\/a><\/span><\/p><div class=\"post-content\"><div class=\"post-content-inner\"><p>\u00bfQuieres comenzar a gestionar tu club con Chain-up? \u00a1Est\u00e1s en el lugar correcto!En este tutorial te explicamos paso a paso c\u00f3mo registrarte como administrador y configurar tu club desde cero. \ud83d\udca1 Importante: El primer usuario que se registre para un club nuevo ser\u00e1&#8230;<\/p>\n<\/div><a href=\"https:\/\/www.chain-up.app\/blog\/como-darte-de-alta-como-administrador-en-chain-up-app\/\" class=\"more-link\">Leer m\u00e1s<\/a><\/div><\/article><article class=\"et_pb_post et_pb_post_id_64 clearfix et_pb_blog_item_0_2 post-64 post type-post status-publish format-standard has-post-thumbnail hentry category-tutoriales\"><div class=\"et_pb_image_container\"><a href=\"https:\/\/www.chain-up.app\/blog\/roles-y-permisos-como-asignar-responsabilidades-administrador-monitor-socio-para-escalar-tu-club-de-forma-eficiente\/\" class=\"entry-featured-image-url\"><img loading=\"lazy\" decoding=\"async\" src=\"https:\/\/www.chain-up.app\/blog\/wp-content\/uploads\/2026\/01\/Captura-de-pantalla-2026-01-04-a-las-18.33.54.webp\" width=\"400\" height=\"284\" alt=\"Roles y permisos: C\u00f3mo asignar responsabilidades (administrador, monitor, socio) para escalar tu club de forma eficiente\" class=\"\" srcset=\"https:\/\/www.chain-up.app\/blog\/wp-content\/uploads\/2026\/01\/Captura-de-pantalla-2026-01-04-a-las-18.33.54.webp 479w, https:\/\/www.chain-up.app\/blog\/wp-content\/uploads\/2026\/01\/Captura-de-pantalla-2026-01-04-a-las-18.33.54-400x284.webp 480w\" sizes=\"(max-width:479px) 479px, 100vw\" \/><span data-icon=\"\ue050\" class=\"et_overlay et_pb_inline_icon\"><\/span><\/a><\/div><h2 class=\"entry-title\"><a href=\"https:\/\/www.chain-up.app\/blog\/roles-y-permisos-como-asignar-responsabilidades-administrador-monitor-socio-para-escalar-tu-club-de-forma-eficiente\/\">Roles y permisos: C\u00f3mo asignar responsabilidades (administrador, monitor, socio) para escalar tu club de forma eficiente<\/a><\/h2><p class=\"post-meta\"><span class=\"published\">Ene 4, 2026<\/span> | <span class=\"entry-categories\"><a href=\"https:\/\/www.chain-up.app\/blog\/category\/tutoriales\/\" rel=\"tag\">Tutoriales<\/a><\/span><\/p><div class=\"post-content\"><div class=\"post-content-inner\"><p>\u00bfTu club est\u00e1 creciendo? \u00a1Felicidades \ud83c\udf89! Pero con m\u00e1s miembros tambi\u00e9n vienen m\u00e1s tareas, decisiones y responsabilidades. Para mantener el control sin perder el ritmo, es clave delegar con inteligencia. En Chain-up.app, esto se logra mediante un sistema de roles y&#8230;<\/p>\n<\/div><a href=\"https:\/\/www.chain-up.app\/blog\/roles-y-permisos-como-asignar-responsabilidades-administrador-monitor-socio-para-escalar-tu-club-de-forma-eficiente\/\" class=\"more-link\">Leer m\u00e1s<\/a><\/div><\/article><article class=\"et_pb_post et_pb_post_id_55 clearfix et_pb_blog_item_0_3 post-55 post type-post status-publish format-standard has-post-thumbnail hentry category-noticias\"><div class=\"et_pb_image_container\"><a href=\"https:\/\/www.chain-up.app\/blog\/ahorra-15-horas-semanales-y-recupera-tu-vida-automatiza-la-gestion-de-tu-club-de-ciclismo\/\" class=\"entry-featured-image-url\"><img loading=\"lazy\" decoding=\"async\" src=\"https:\/\/www.chain-up.app\/blog\/wp-content\/uploads\/2026\/01\/Administrador-de-clubes-de-ciclismo.webp\" width=\"400\" height=\"284\" alt=\"Ahorra 15 horas semanales y recupera tu vida: Automatiza la gesti\u00f3n de tu club de ciclismo\" class=\"\" srcset=\"https:\/\/www.chain-up.app\/blog\/wp-content\/uploads\/2026\/01\/Administrador-de-clubes-de-ciclismo.webp 479w, https:\/\/www.chain-up.app\/blog\/wp-content\/uploads\/2026\/01\/Administrador-de-clubes-de-ciclismo-400x284.webp 480w\" sizes=\"(max-width:479px) 479px, 100vw\" \/><span data-icon=\"\ue050\" class=\"et_overlay et_pb_inline_icon\"><\/span><\/a><\/div><h2 class=\"entry-title\"><a href=\"https:\/\/www.chain-up.app\/blog\/ahorra-15-horas-semanales-y-recupera-tu-vida-automatiza-la-gestion-de-tu-club-de-ciclismo\/\">Ahorra 15 horas semanales y recupera tu vida: Automatiza la gesti\u00f3n de tu club de ciclismo<\/a><\/h2><p class=\"post-meta\"><span class=\"published\">Ene 4, 2026<\/span> | <span class=\"entry-categories\"><a href=\"https:\/\/www.chain-up.app\/blog\/category\/noticias\/\" rel=\"tag\">Noticias<\/a><\/span><\/p><div class=\"post-content\"><div class=\"post-content-inner\"><p>Querido administrador de club: \u00bfTe suena familiar esto? Son las 22:30 del martes. Mientras tus amigos disfrutan de su tiempo libre, t\u00fa sigues frente al ordenador intentando: Conciliar los pagos de 47 socios que a\u00fan no han abonado sus cuotas Responder mensajes en&#8230;<\/p>\n<\/div><a href=\"https:\/\/www.chain-up.app\/blog\/ahorra-15-horas-semanales-y-recupera-tu-vida-automatiza-la-gestion-de-tu-club-de-ciclismo\/\" class=\"more-link\">Leer m\u00e1s<\/a><\/div><\/article><article class=\"et_pb_post et_pb_post_id_45 clearfix et_pb_blog_item_0_4 post-45 post type-post status-publish format-standard has-post-thumbnail hentry category-noticias\"><div class=\"et_pb_image_container\"><a href=\"https:\/\/www.chain-up.app\/blog\/los-5-errores-que-estan-destruyendo-tu-escuela-de-ciclismo-y-como-evitarlos\/\" class=\"entry-featured-image-url\"><img loading=\"lazy\" decoding=\"async\" src=\"https:\/\/www.chain-up.app\/blog\/wp-content\/uploads\/2026\/01\/Generated-Image-December-23-2025-6_34PM1.webp\" width=\"400\" height=\"284\" alt=\"Los 5 Errores que Est\u00e1n Destruyendo tu Escuela de Ciclismo (y C\u00f3mo Evitarlos)\" class=\"\" srcset=\"https:\/\/www.chain-up.app\/blog\/wp-content\/uploads\/2026\/01\/Generated-Image-December-23-2025-6_34PM1.webp 479w, https:\/\/www.chain-up.app\/blog\/wp-content\/uploads\/2026\/01\/Generated-Image-December-23-2025-6_34PM1-400x284.webp 480w\" sizes=\"(max-width:479px) 479px, 100vw\" \/><span data-icon=\"\ue050\" class=\"et_overlay et_pb_inline_icon\"><\/span><\/a><\/div><h2 class=\"entry-title\"><a href=\"https:\/\/www.chain-up.app\/blog\/los-5-errores-que-estan-destruyendo-tu-escuela-de-ciclismo-y-como-evitarlos\/\">Los 5 Errores que Est\u00e1n Destruyendo tu Escuela de Ciclismo (y C\u00f3mo Evitarlos)<\/a><\/h2><p class=\"post-meta\"><span class=\"published\">Ene 4, 2026<\/span> | <span class=\"entry-categories\"><a href=\"https:\/\/www.chain-up.app\/blog\/category\/noticias\/\" rel=\"tag\">Noticias<\/a><\/span><\/p><div class=\"post-content\"><div class=\"post-content-inner\"><p>\u00bfSientes que gestionar tu escuela de ciclismo se ha convertido en un circuito de obst\u00e1culos m\u00e1s desafiante que una subida al Tourmalet? No est\u00e1s solo. Muchos directores de clubs y academias ciclistas cometen errores cr\u00edticos al depender de herramientas fragmentadas&#8230;<\/p>\n<\/div><a href=\"https:\/\/www.chain-up.app\/blog\/los-5-errores-que-estan-destruyendo-tu-escuela-de-ciclismo-y-como-evitarlos\/\" class=\"more-link\">Leer m\u00e1s<\/a><\/div><\/article><article class=\"et_pb_post et_pb_post_id_10 clearfix et_pb_blog_item_0_5 post-10 post type-post status-publish format-standard has-post-thumbnail hentry category-noticias\"><div class=\"et_pb_image_container\"><a href=\"https:\/\/www.chain-up.app\/blog\/chain-up-app-el-unico-software-para-clubes-de-ciclismo-que-gestiona-tambien-tu-escuela-y-por-que-eso-cambia-todo\/\" class=\"entry-featured-image-url\"><img loading=\"lazy\" decoding=\"async\" src=\"https:\/\/www.chain-up.app\/blog\/wp-content\/uploads\/2026\/01\/escuelas-chainup.webp\" width=\"400\" height=\"284\" alt=\"Chain-UP.app: El \u00fanico software para clubes de ciclismo que gestiona tambi\u00e9n tu escuela \u2014 y por qu\u00e9 eso cambia todo\" class=\"\" srcset=\"https:\/\/www.chain-up.app\/blog\/wp-content\/uploads\/2026\/01\/escuelas-chainup.webp 479w, https:\/\/www.chain-up.app\/blog\/wp-content\/uploads\/2026\/01\/escuelas-chainup-400x284.webp 480w\" sizes=\"(max-width:479px) 479px, 100vw\" \/><span data-icon=\"\ue050\" class=\"et_overlay et_pb_inline_icon\"><\/span><\/a><\/div><h2 class=\"entry-title\"><a href=\"https:\/\/www.chain-up.app\/blog\/chain-up-app-el-unico-software-para-clubes-de-ciclismo-que-gestiona-tambien-tu-escuela-y-por-que-eso-cambia-todo\/\">Chain-UP.app: El \u00fanico software para clubes de ciclismo que gestiona tambi\u00e9n tu escuela \u2014 y por qu\u00e9 eso cambia todo<\/a><\/h2><p class=\"post-meta\"><span class=\"published\">Ene 3, 2026<\/span> | <span class=\"entry-categories\"><a href=\"https:\/\/www.chain-up.app\/blog\/category\/noticias\/\" rel=\"tag\">Noticias<\/a><\/span><\/p><div class=\"post-content\"><div class=\"post-content-inner\"><p>En el d\u00eda a d\u00eda de un club de ciclismo, los retos van m\u00e1s all\u00e1 de los entrenamientos y las competiciones. Facturar cuotas, mantener contacto con socios, organizar salidas, gestionar equipos\u2026 y si adem\u00e1s operas una escuela de ciclismo, la complejidad se multiplica:&#8230;<\/p>\n<\/div><a href=\"https:\/\/www.chain-up.app\/blog\/chain-up-app-el-unico-software-para-clubes-de-ciclismo-que-gestiona-tambien-tu-escuela-y-por-que-eso-cambia-todo\/\" class=\"more-link\">Leer m\u00e1s<\/a><\/div><\/article><\/div><div class=\"pagination clearfix\">\n\t<div class=\"alignleft\"><\/div>\n\t<div class=\"alignright\"><\/div>\n<\/div><\/div><\/div>\n<\/div>\n<\/div>\n<\/div>","protected":false},"excerpt":{"rendered":"","protected":false},"author":1,"featured_media":0,"parent":0,"menu_order":0,"comment_status":"closed","ping_status":"closed","template":"","meta":{"footnotes":""},"class_list":["post-15","page","type-page","status-publish","hentry"],"_links":{"self":[{"href":"https:\/\/www.chain-up.app\/blog\/wp-json\/wp\/v2\/pages\/15","targetHints":{"allow":["GET"]}}],"collection":[{"href":"https:\/\/www.chain-up.app\/blog\/wp-json\/wp\/v2\/pages"}],"about":[{"href":"https:\/\/www.chain-up.app\/blog\/wp-json\/wp\/v2\/types\/page"}],"author":[{"embeddable":true,"href":"https:\/\/www.chain-up.app\/blog\/wp-json\/wp\/v2\/users\/1"}],"replies":[{"embeddable":true,"href":"https:\/\/www.chain-up.app\/blog\/wp-json\/wp\/v2\/comments?post=15"}],"version-history":[{"count":5,"href":"https:\/\/www.chain-up.app\/blog\/wp-json\/wp\/v2\/pages\/15\/revisions"}],"predecessor-version":[{"id":115,"href":"https:\/\/www.chain-up.app\/blog\/wp-json\/wp\/v2\/pages\/15\/revisions\/115"}],"wp:attachment":[{"href":"https:\/\/www.chain-up.app\/blog\/wp-json\/wp\/v2\/media?parent=15"}],"curies":[{"name":"wp","href":"https:\/\/api.w.org\/{rel}","templated":true}]}}